{"id":3987,"date":"2021-08-22T10:04:58","date_gmt":"2021-08-22T08:04:58","guid":{"rendered":"https:\/\/casidyray.sk\/news-2019\/"},"modified":"2021-08-22T10:08:41","modified_gmt":"2021-08-22T08:08:41","slug":"news-2019","status":"publish","type":"page","link":"https:\/\/casidyray.sk\/en\/news-2019\/","title":{"rendered":"News 2019"},"content":{"rendered":"\t\t<div data-elementor-type=\"wp-page\" data-elementor-id=\"3987\" class=\"elementor elementor-3987 elementor-3980\" data-elementor-post-type=\"page\">\n\t\t\t\t\t\t<section class=\"elementor-section elementor-top-section elementor-element elementor-element-69d47b2e elementor-section-boxed elementor-section-height-default elementor-section-height-default\" data-id=\"69d47b2e\" data-element_type=\"section\" data-e-type=\"section\">\n\t\t\t\t\t\t<div class=\"elementor-container elementor-column-gap-default\">\n\t\t\t\t\t<div class=\"elementor-column elementor-col-100 elementor-top-column elementor-element elementor-element-6becd209\" data-id=\"6becd209\" data-element_type=\"column\" data-e-type=\"column\">\n\t\t\t<div class=\"elementor-widget-wrap elementor-element-populated\">\n\t\t\t\t\t\t<div class=\"elementor-element elementor-element-3fcf7301 elementor-widget elementor-widget-heading\" data-id=\"3fcf7301\" data-element_type=\"widget\" data-e-type=\"widget\" data-widget_type=\"heading.default\">\n\t\t\t\t<div class=\"elementor-widget-container\">\n\t\t\t\t\t<h2 class=\"elementor-heading-title elementor-size-default\">News 2019<\/h2>\t\t\t\t<\/div>\n\t\t\t\t<\/div>\n\t\t\t\t\t<\/div>\n\t\t<\/div>\n\t\t\t\t\t<\/div>\n\t\t<\/section>\n\t\t\t\t<section class=\"elementor-section elementor-top-section elementor-element elementor-element-42111669 elementor-section-boxed elementor-section-height-default elementor-section-height-default\" data-id=\"42111669\" data-element_type=\"section\" data-e-type=\"section\">\n\t\t\t\t\t\t<div class=\"elementor-container elementor-column-gap-default\">\n\t\t\t\t\t<div class=\"elementor-column elementor-col-100 elementor-top-column elementor-element elementor-element-5a22979f\" data-id=\"5a22979f\" data-element_type=\"column\" data-e-type=\"column\">\n\t\t\t<div class=\"elementor-widget-wrap elementor-element-populated\">\n\t\t\t\t\t\t<div class=\"elementor-element elementor-element-2730285b elementor-grid-3 elementor-grid-tablet-2 elementor-grid-mobile-1 elementor-posts--thumbnail-top elementor-card-shadow-yes elementor-posts__hover-gradient elementor-widget elementor-widget-posts\" data-id=\"2730285b\" data-element_type=\"widget\" data-e-type=\"widget\" data-settings=\"{&quot;pagination_type&quot;:&quot;numbers_and_prev_next&quot;,&quot;cards_columns&quot;:&quot;3&quot;,&quot;cards_columns_tablet&quot;:&quot;2&quot;,&quot;cards_columns_mobile&quot;:&quot;1&quot;,&quot;cards_row_gap&quot;:{&quot;unit&quot;:&quot;px&quot;,&quot;size&quot;:35,&quot;sizes&quot;:[]},&quot;cards_row_gap_tablet&quot;:{&quot;unit&quot;:&quot;px&quot;,&quot;size&quot;:&quot;&quot;,&quot;sizes&quot;:[]},&quot;cards_row_gap_mobile&quot;:{&quot;unit&quot;:&quot;px&quot;,&quot;size&quot;:&quot;&quot;,&quot;sizes&quot;:[]}}\" data-widget_type=\"posts.cards\">\n\t\t\t\t<div class=\"elementor-widget-container\">\n\t\t\t\t\t\t\t<div class=\"elementor-posts-container elementor-posts elementor-posts--skin-cards elementor-grid\" role=\"list\">\n\t\t\t\t<article class=\"elementor-post elementor-grid-item post-2530 post type-post status-publish format-standard has-post-thumbnail hentry category-2019-en\" role=\"listitem\">\n\t\t\t<div class=\"elementor-post__card\">\n\t\t\t\t<a class=\"elementor-post__thumbnail__link\" href=\"https:\/\/casidyray.sk\/en\/top-dog-2019\/\" tabindex=\"-1\" ><div class=\"elementor-post__thumbnail\"><img fetchpriority=\"high\" decoding=\"async\" width=\"800\" height=\"534\" src=\"https:\/\/casidyray.sk\/wp-content\/uploads\/2020\/04\/top-dog-casidy-ray.jpg\" class=\"attachment-large size-large wp-image-2527\" alt=\"Garden Lady Casidy ray\" srcset=\"https:\/\/casidyray.sk\/wp-content\/uploads\/2020\/04\/top-dog-casidy-ray.jpg 1024w, https:\/\/casidyray.sk\/wp-content\/uploads\/2020\/04\/top-dog-casidy-ray-300x200.jpg 300w, https:\/\/casidyray.sk\/wp-content\/uploads\/2020\/04\/top-dog-casidy-ray-768x512.jpg 768w\" sizes=\"(max-width: 800px) 100vw, 800px\" \/><\/div><\/a>\n\t\t\t\t<div class=\"elementor-post__text\">\n\t\t\t\t<h3 class=\"elementor-post__title\">\n\t\t\t<a href=\"https:\/\/casidyray.sk\/en\/top-dog-2019\/\" >\n\t\t\t\tTOP DOG 2019\t\t\t<\/a>\n\t\t<\/h3>\n\t\t\t\t<div class=\"elementor-post__excerpt\">\n\t\t\t<p>After finish the show seazon 2019 our Garden Lady Casidy ray was placed in official chart from SKJ at 1. place in breed Irish wolfhound<\/p>\n\t\t<\/div>\n\t\t\n\t\t<a class=\"elementor-post__read-more\" href=\"https:\/\/casidyray.sk\/en\/top-dog-2019\/\" aria-label=\"Read more about TOP DOG 2019\" tabindex=\"-1\" >\n\t\t\tMore \u00bb\t\t<\/a>\n\n\t\t\t\t<\/div>\n\t\t\t\t\t<\/div>\n\t\t<\/article>\n\t\t\t\t<article class=\"elementor-post elementor-grid-item post-2379 post type-post status-publish format-standard has-post-thumbnail hentry category-2019-en\" role=\"listitem\">\n\t\t\t<div class=\"elementor-post__card\">\n\t\t\t\t<a class=\"elementor-post__thumbnail__link\" href=\"https:\/\/casidyray.sk\/en\/champion-of-champions-budapest-2019\/\" tabindex=\"-1\" ><div class=\"elementor-post__thumbnail\"><img decoding=\"async\" width=\"800\" height=\"534\" src=\"https:\/\/casidyray.sk\/wp-content\/uploads\/2019\/12\/HOPE-Casidy-ray.jpg\" class=\"attachment-large size-large wp-image-2376\" alt=\"\" srcset=\"https:\/\/casidyray.sk\/wp-content\/uploads\/2019\/12\/HOPE-Casidy-ray.jpg 1024w, https:\/\/casidyray.sk\/wp-content\/uploads\/2019\/12\/HOPE-Casidy-ray-300x200.jpg 300w, https:\/\/casidyray.sk\/wp-content\/uploads\/2019\/12\/HOPE-Casidy-ray-768x512.jpg 768w\" sizes=\"(max-width: 800px) 100vw, 800px\" \/><\/div><\/a>\n\t\t\t\t<div class=\"elementor-post__text\">\n\t\t\t\t<h3 class=\"elementor-post__title\">\n\t\t\t<a href=\"https:\/\/casidyray.sk\/en\/champion-of-champions-budapest-2019\/\" >\n\t\t\t\tChampion of Champions Budapest 2019\t\t\t<\/a>\n\t\t<\/h3>\n\t\t\t\t<div class=\"elementor-post__excerpt\">\n\t\t\t<p>Champion of Champions was held in Budapest. Our youngest Hope was doing great and got Excellent 1, CAC, BOB. It has also become the new<\/p>\n\t\t<\/div>\n\t\t\n\t\t<a class=\"elementor-post__read-more\" href=\"https:\/\/casidyray.sk\/en\/champion-of-champions-budapest-2019\/\" aria-label=\"Read more about Champion of Champions Budapest 2019\" tabindex=\"-1\" >\n\t\t\tMore \u00bb\t\t<\/a>\n\n\t\t\t\t<\/div>\n\t\t\t\t\t<\/div>\n\t\t<\/article>\n\t\t\t\t<article class=\"elementor-post elementor-grid-item post-2404 post type-post status-publish format-standard has-post-thumbnail hentry category-2019-en\" role=\"listitem\">\n\t\t\t<div class=\"elementor-post__card\">\n\t\t\t\t<a class=\"elementor-post__thumbnail__link\" href=\"https:\/\/casidyray.sk\/en\/3-x-cacib-nitra-2019\/\" tabindex=\"-1\" ><div class=\"elementor-post__thumbnail\"><img decoding=\"async\" width=\"800\" height=\"534\" src=\"https:\/\/casidyray.sk\/wp-content\/uploads\/2019\/12\/Casidy-ray4.jpg\" class=\"attachment-large size-large wp-image-2389\" alt=\"HOPE Casidy ray\" srcset=\"https:\/\/casidyray.sk\/wp-content\/uploads\/2019\/12\/Casidy-ray4.jpg 1024w, https:\/\/casidyray.sk\/wp-content\/uploads\/2019\/12\/Casidy-ray4-300x200.jpg 300w, https:\/\/casidyray.sk\/wp-content\/uploads\/2019\/12\/Casidy-ray4-768x512.jpg 768w\" sizes=\"(max-width: 800px) 100vw, 800px\" \/><\/div><\/a>\n\t\t\t\t<div class=\"elementor-post__text\">\n\t\t\t\t<h3 class=\"elementor-post__title\">\n\t\t\t<a href=\"https:\/\/casidyray.sk\/en\/3-x-cacib-nitra-2019\/\" >\n\t\t\t\t3 x CACIB Nitra 2019\t\t\t<\/a>\n\t\t<\/h3>\n\t\t\t\t<div class=\"elementor-post__excerpt\">\n\t\t\t<p>I\u2019m really happy. We spent weekend at the show again and girls did great job. 6.12.2019, judgea: Matejcic Jasna (HR) HOPE Casidy ray, open class:<\/p>\n\t\t<\/div>\n\t\t\n\t\t<a class=\"elementor-post__read-more\" href=\"https:\/\/casidyray.sk\/en\/3-x-cacib-nitra-2019\/\" aria-label=\"Read more about 3 x CACIB Nitra 2019\" tabindex=\"-1\" >\n\t\t\tMore \u00bb\t\t<\/a>\n\n\t\t\t\t<\/div>\n\t\t\t\t\t<\/div>\n\t\t<\/article>\n\t\t\t\t<article class=\"elementor-post elementor-grid-item post-2310 post type-post status-publish format-standard has-post-thumbnail hentry category-2019-en\" role=\"listitem\">\n\t\t\t<div class=\"elementor-post__card\">\n\t\t\t\t<a class=\"elementor-post__thumbnail__link\" href=\"https:\/\/casidyray.sk\/en\/3-x-cacib-bratislava-2019\/\" tabindex=\"-1\" ><div class=\"elementor-post__thumbnail\"><img loading=\"lazy\" decoding=\"async\" width=\"800\" height=\"533\" src=\"https:\/\/casidyray.sk\/wp-content\/uploads\/2019\/11\/Holly-Casidy-ray.jpg\" class=\"attachment-large size-large wp-image-2313\" alt=\"\" srcset=\"https:\/\/casidyray.sk\/wp-content\/uploads\/2019\/11\/Holly-Casidy-ray.jpg 1024w, https:\/\/casidyray.sk\/wp-content\/uploads\/2019\/11\/Holly-Casidy-ray-300x200.jpg 300w, https:\/\/casidyray.sk\/wp-content\/uploads\/2019\/11\/Holly-Casidy-ray-768x512.jpg 768w\" sizes=\"(max-width: 800px) 100vw, 800px\" \/><\/div><\/a>\n\t\t\t\t<div class=\"elementor-post__text\">\n\t\t\t\t<h3 class=\"elementor-post__title\">\n\t\t\t<a href=\"https:\/\/casidyray.sk\/en\/3-x-cacib-bratislava-2019\/\" >\n\t\t\t\t3 x CACIB Bratislava  2019\t\t\t<\/a>\n\t\t<\/h3>\n\t\t\t\t<div class=\"elementor-post__excerpt\">\n\t\t\t<p>25. &#8211; 27.10 2019 3 x CACIB Bratislava There were two sisters from our H litter Holly and Hanah. Holly Casidy ray, owner Renata Tu\u010dkov\u00e1,<\/p>\n\t\t<\/div>\n\t\t\n\t\t<a class=\"elementor-post__read-more\" href=\"https:\/\/casidyray.sk\/en\/3-x-cacib-bratislava-2019\/\" aria-label=\"Read more about 3 x CACIB Bratislava  2019\" tabindex=\"-1\" >\n\t\t\tMore \u00bb\t\t<\/a>\n\n\t\t\t\t<\/div>\n\t\t\t\t\t<\/div>\n\t\t<\/article>\n\t\t\t\t<article class=\"elementor-post elementor-grid-item post-1989 post type-post status-publish format-standard has-post-thumbnail hentry category-2019-en\" role=\"listitem\">\n\t\t\t<div class=\"elementor-post__card\">\n\t\t\t\t<a class=\"elementor-post__thumbnail__link\" href=\"https:\/\/casidyray.sk\/en\/arad-romania\/\" tabindex=\"-1\" ><div class=\"elementor-post__thumbnail\"><img loading=\"lazy\" decoding=\"async\" width=\"800\" height=\"510\" src=\"https:\/\/casidyray.sk\/wp-content\/uploads\/2019\/09\/BIG-Romania-casidy-ray-1024x653.jpg\" class=\"attachment-large size-large wp-image-1934\" alt=\"BIG Arad Romania 2019\" srcset=\"https:\/\/casidyray.sk\/wp-content\/uploads\/2019\/09\/BIG-Romania-casidy-ray-1024x653.jpg 1024w, https:\/\/casidyray.sk\/wp-content\/uploads\/2019\/09\/BIG-Romania-casidy-ray-300x191.jpg 300w, https:\/\/casidyray.sk\/wp-content\/uploads\/2019\/09\/BIG-Romania-casidy-ray-768x490.jpg 768w, https:\/\/casidyray.sk\/wp-content\/uploads\/2019\/09\/BIG-Romania-casidy-ray.jpg 1200w\" sizes=\"(max-width: 800px) 100vw, 800px\" \/><\/div><\/a>\n\t\t\t\t<div class=\"elementor-post__text\">\n\t\t\t\t<h3 class=\"elementor-post__title\">\n\t\t\t<a href=\"https:\/\/casidyray.sk\/en\/arad-romania\/\" >\n\t\t\t\tArad Romania\t\t\t<\/a>\n\t\t<\/h3>\n\t\t\t\t<div class=\"elementor-post__excerpt\">\n\t\t\t<p>21. &#8211; 22.9.2019 \u00a0We went to the 2x international and 1 x national dog show in Romanian town Arad. Hope Casidy ray in intermediate class<\/p>\n\t\t<\/div>\n\t\t\n\t\t<a class=\"elementor-post__read-more\" href=\"https:\/\/casidyray.sk\/en\/arad-romania\/\" aria-label=\"Read more about Arad Romania\" tabindex=\"-1\" >\n\t\t\tMore \u00bb\t\t<\/a>\n\n\t\t\t\t<\/div>\n\t\t\t\t\t<\/div>\n\t\t<\/article>\n\t\t\t\t<article class=\"elementor-post elementor-grid-item post-1733 post type-post status-publish format-standard has-post-thumbnail hentry category-2019-en\" role=\"listitem\">\n\t\t\t<div class=\"elementor-post__card\">\n\t\t\t\t<a class=\"elementor-post__thumbnail__link\" href=\"https:\/\/casidyray.sk\/en\/czestochowa-koszecin-2019\/\" tabindex=\"-1\" ><div class=\"elementor-post__thumbnail\"><img loading=\"lazy\" decoding=\"async\" width=\"800\" height=\"553\" src=\"https:\/\/casidyray.sk\/wp-content\/uploads\/2019\/09\/Gingerbead-Casidy-ray-Sczecin-1024x708.jpg\" class=\"attachment-large size-large wp-image-1714\" alt=\"\" srcset=\"https:\/\/casidyray.sk\/wp-content\/uploads\/2019\/09\/Gingerbead-Casidy-ray-Sczecin.jpg 1024w, https:\/\/casidyray.sk\/wp-content\/uploads\/2019\/09\/Gingerbead-Casidy-ray-Sczecin-300x207.jpg 300w, https:\/\/casidyray.sk\/wp-content\/uploads\/2019\/09\/Gingerbead-Casidy-ray-Sczecin-768x531.jpg 768w\" sizes=\"(max-width: 800px) 100vw, 800px\" \/><\/div><\/a>\n\t\t\t\t<div class=\"elementor-post__text\">\n\t\t\t\t<h3 class=\"elementor-post__title\">\n\t\t\t<a href=\"https:\/\/casidyray.sk\/en\/czestochowa-koszecin-2019\/\" >\n\t\t\t\tCzestochowa- Koszecin 2019\t\t\t<\/a>\n\t\t<\/h3>\n\t\t\t\t<div class=\"elementor-post__excerpt\">\n\t\t\t<p>At \u00a0wonderful place in the castle garden in Polish town Koszecin was\u00a0Sighthound club show and FCI Central European Sighthound show \u00a0I took there Hope and<\/p>\n\t\t<\/div>\n\t\t\n\t\t<a class=\"elementor-post__read-more\" href=\"https:\/\/casidyray.sk\/en\/czestochowa-koszecin-2019\/\" aria-label=\"Read more about Czestochowa- Koszecin 2019\" tabindex=\"-1\" >\n\t\t\tMore \u00bb\t\t<\/a>\n\n\t\t\t\t<\/div>\n\t\t\t\t\t<\/div>\n\t\t<\/article>\n\t\t\t\t<article class=\"elementor-post elementor-grid-item post-1127 post type-post status-publish format-standard has-post-thumbnail hentry category-2019-en\" role=\"listitem\">\n\t\t\t<div class=\"elementor-post__card\">\n\t\t\t\t<a class=\"elementor-post__thumbnail__link\" href=\"https:\/\/casidyray.sk\/en\/mojmirovce-2019\/\" tabindex=\"-1\" ><div class=\"elementor-post__thumbnail\"><img loading=\"lazy\" decoding=\"async\" width=\"800\" height=\"533\" src=\"https:\/\/casidyray.sk\/wp-content\/uploads\/2019\/08\/Casidy-ray-Mojmirovce-2019-1.jpg\" class=\"attachment-large size-large wp-image-862\" alt=\"Casidy ray Mojmirovce 2019\" srcset=\"https:\/\/casidyray.sk\/wp-content\/uploads\/2019\/08\/Casidy-ray-Mojmirovce-2019-1.jpg 960w, https:\/\/casidyray.sk\/wp-content\/uploads\/2019\/08\/Casidy-ray-Mojmirovce-2019-1-300x200.jpg 300w, https:\/\/casidyray.sk\/wp-content\/uploads\/2019\/08\/Casidy-ray-Mojmirovce-2019-1-768x512.jpg 768w\" sizes=\"(max-width: 800px) 100vw, 800px\" \/><\/div><\/a>\n\t\t\t\t<div class=\"elementor-post__text\">\n\t\t\t\t<h3 class=\"elementor-post__title\">\n\t\t\t<a href=\"https:\/\/casidyray.sk\/en\/mojmirovce-2019\/\" >\n\t\t\t\tMojm\u00edrovce 2019\t\t\t<\/a>\n\t\t<\/h3>\n\t\t\t\t<div class=\"elementor-post__excerpt\">\n\t\t\t<p>V kr\u00e1snom prostred\u00ed Mojm\u00edrovsk\u00e9ho ka\u0161tie\u013ea sa ako ka\u017ed\u00fd rok konala\u00a0Klubov\u00e1 v\u00fdstava chrtov a Kry\u0161\u0165\u00e1\u013eov\u00e1 \u0161peci\u00e1lna v\u00fdstava chrtov.\u00a0 Na t\u00fato\u00a0v\u00fdstavu sa v\u017edy ve\u013emi te\u0161\u00edme, preto\u017ee je<\/p>\n\t\t<\/div>\n\t\t\n\t\t<a class=\"elementor-post__read-more\" href=\"https:\/\/casidyray.sk\/en\/mojmirovce-2019\/\" aria-label=\"Read more about Mojm\u00edrovce 2019\" tabindex=\"-1\" >\n\t\t\tMore \u00bb\t\t<\/a>\n\n\t\t\t\t<\/div>\n\t\t\t\t\t<\/div>\n\t\t<\/article>\n\t\t\t\t<article class=\"elementor-post elementor-grid-item post-1130 post type-post status-publish format-standard has-post-thumbnail hentry category-2019-en\" role=\"listitem\">\n\t\t\t<div class=\"elementor-post__card\">\n\t\t\t\t<a class=\"elementor-post__thumbnail__link\" href=\"https:\/\/casidyray.sk\/en\/heart-exams\/\" tabindex=\"-1\" ><div class=\"elementor-post__thumbnail\"><img loading=\"lazy\" decoding=\"async\" width=\"800\" height=\"533\" src=\"https:\/\/casidyray.sk\/wp-content\/uploads\/2019\/08\/vysetrenie-srdca-Casidy-ray.jpg\" class=\"attachment-large size-large wp-image-857\" alt=\"vysetrenie srdca Casidy ray\" srcset=\"https:\/\/casidyray.sk\/wp-content\/uploads\/2019\/08\/vysetrenie-srdca-Casidy-ray.jpg 960w, https:\/\/casidyray.sk\/wp-content\/uploads\/2019\/08\/vysetrenie-srdca-Casidy-ray-300x200.jpg 300w, https:\/\/casidyray.sk\/wp-content\/uploads\/2019\/08\/vysetrenie-srdca-Casidy-ray-768x512.jpg 768w\" sizes=\"(max-width: 800px) 100vw, 800px\" \/><\/div><\/a>\n\t\t\t\t<div class=\"elementor-post__text\">\n\t\t\t\t<h3 class=\"elementor-post__title\">\n\t\t\t<a href=\"https:\/\/casidyray.sk\/en\/heart-exams\/\" >\n\t\t\t\tHeart exams\t\t\t<\/a>\n\t\t<\/h3>\n\t\t\t\t<div class=\"elementor-post__excerpt\">\n\t\t\t<p>As every year, we went to the clinic of the Veterinary University in Brno to examine the heart. DVM. We caused some agitation to Dr.<\/p>\n\t\t<\/div>\n\t\t\n\t\t<a class=\"elementor-post__read-more\" href=\"https:\/\/casidyray.sk\/en\/heart-exams\/\" aria-label=\"Read more about Heart exams\" tabindex=\"-1\" >\n\t\t\tMore \u00bb\t\t<\/a>\n\n\t\t\t\t<\/div>\n\t\t\t\t\t<\/div>\n\t\t<\/article>\n\t\t\t\t<article class=\"elementor-post elementor-grid-item post-1132 post type-post status-publish format-standard has-post-thumbnail hentry category-2019-en\" role=\"listitem\">\n\t\t\t<div class=\"elementor-post__card\">\n\t\t\t\t<a class=\"elementor-post__thumbnail__link\" href=\"https:\/\/casidyray.sk\/en\/duodanube-2019\/\" tabindex=\"-1\" ><div class=\"elementor-post__thumbnail\"><img loading=\"lazy\" decoding=\"async\" width=\"800\" height=\"534\" src=\"https:\/\/casidyray.sk\/wp-content\/uploads\/2019\/08\/Casidy-ray-Duodanube-2019-1-1024x683.jpg\" class=\"attachment-large size-large wp-image-868\" alt=\"Casidy ray Duodanube 2019\" srcset=\"https:\/\/casidyray.sk\/wp-content\/uploads\/2019\/08\/Casidy-ray-Duodanube-2019-1.jpg 1024w, https:\/\/casidyray.sk\/wp-content\/uploads\/2019\/08\/Casidy-ray-Duodanube-2019-1-300x200.jpg 300w, https:\/\/casidyray.sk\/wp-content\/uploads\/2019\/08\/Casidy-ray-Duodanube-2019-1-768x512.jpg 768w\" sizes=\"(max-width: 800px) 100vw, 800px\" \/><\/div><\/a>\n\t\t\t\t<div class=\"elementor-post__text\">\n\t\t\t\t<h3 class=\"elementor-post__title\">\n\t\t\t<a href=\"https:\/\/casidyray.sk\/en\/duodanube-2019\/\" >\n\t\t\t\tDuodanube 2019\t\t\t<\/a>\n\t\t<\/h3>\n\t\t\t\t<div class=\"elementor-post__excerpt\">\n\t\t\t<p>V Bratislave sa konala dvojd\u0148ov\u00e1 medzin\u00e1rodn\u00e1 v\u00fdstava DUODANUBE\u00a0Bratislava. Po\u010dasie vy\u0161lo na jednotku a ja sa ve\u0161mi te\u0161\u00edm z toho, ako sa\u00a0moje baby predviedli. \u00a017.8.2019 rozhodca<\/p>\n\t\t<\/div>\n\t\t\n\t\t<a class=\"elementor-post__read-more\" href=\"https:\/\/casidyray.sk\/en\/duodanube-2019\/\" aria-label=\"Read more about Duodanube 2019\" tabindex=\"-1\" >\n\t\t\tMore \u00bb\t\t<\/a>\n\n\t\t\t\t<\/div>\n\t\t\t\t\t<\/div>\n\t\t<\/article>\n\t\t\t\t<\/div>\n\t\t\n\t\t\t\t<div class=\"e-load-more-anchor\" data-page=\"1\" data-max-page=\"2\" data-next-page=\"https:\/\/casidyray.sk\/en\/wp-json\/wp\/v2\/pages\/3987\/page\/2\/\"><\/div>\n\t\t\t\t<nav class=\"elementor-pagination\" aria-label=\"Pagination\">\n\t\t\t<span class=\"page-numbers prev\">&laquo; Previous<\/span>\n<span aria-current=\"page\" class=\"page-numbers current\"><span class=\"elementor-screen-only\">Page<\/span>1<\/span>\n<a class=\"page-numbers\" href=\"https:\/\/casidyray.sk\/en\/wp-json\/wp\/v2\/pages\/3987\/page\/2\/\"><span class=\"elementor-screen-only\">Page<\/span>2<\/a>\n<a class=\"page-numbers next\" href=\"https:\/\/casidyray.sk\/en\/wp-json\/wp\/v2\/pages\/3987\/page\/2\/\">Next&raquo;<\/a>\t\t<\/nav>\n\t\t\t\t\t\t<\/div>\n\t\t\t\t<\/div>\n\t\t\t\t\t<\/div>\n\t\t<\/div>\n\t\t\t\t\t<\/div>\n\t\t<\/section>\n\t\t\t\t<nav class=\"elementor-section elementor-top-section elementor-element elementor-element-58d2354c elementor-section-content-middle elementor-section-boxed elementor-section-height-default elementor-section-height-default\" data-id=\"58d2354c\" data-element_type=\"section\" data-e-type=\"section\">\n\t\t\t\t\t\t<div class=\"elementor-container elementor-column-gap-default\">\n\t\t\t\t\t<div class=\"elementor-column elementor-col-100 elementor-top-column elementor-element elementor-element-7ef2c7d8\" data-id=\"7ef2c7d8\" data-element_type=\"column\" data-e-type=\"column\">\n\t\t\t<div class=\"elementor-widget-wrap elementor-element-populated\">\n\t\t\t\t\t\t<div class=\"elementor-element elementor-element-633810ee elementor-widget elementor-widget-text-editor\" data-id=\"633810ee\" data-element_type=\"widget\" data-e-type=\"widget\" data-widget_type=\"text-editor.default\">\n\t\t\t\t<div class=\"elementor-widget-container\">\n\t\t\t\t\t\t\t\t\t<p style=\"text-align: center;\"><a href=\"https:\/\/casidyray.sk\/en\/\">News 2021<\/a> \u00a0| \u00a0<a href=\"https:\/\/casidyray.sk\/en\/news-2020\/\">News 2020<\/a> \u00a0| \u00a0<a href=\"https:\/\/casidyray.sk\/en\/news-2019\/\">News 2019<\/a><\/p>\n\t\t\t\t\t\t\t\t<\/div>\n\t\t\t\t<\/div>\n\t\t\t\t\t<\/div>\n\t\t<\/div>\n\t\t\t\t\t<\/div>\n\t\t<\/nav>\n\t\t\t\t<\/div>\n\t\t","protected":false},"excerpt":{"rendered":"<p>News 2019 News 2021 \u00a0| \u00a0News 2020 \u00a0| \u00a0News 2019<\/p>\n","protected":false},"author":1,"featured_media":0,"parent":0,"menu_order":0,"comment_status":"closed","ping_status":"closed","template":"","meta":{"footnotes":""},"class_list":["post-3987","page","type-page","status-publish","hentry"],"_links":{"self":[{"href":"https:\/\/casidyray.sk\/en\/wp-json\/wp\/v2\/pages\/3987","targetHints":{"allow":["GET"]}}],"collection":[{"href":"https:\/\/casidyray.sk\/en\/wp-json\/wp\/v2\/pages"}],"about":[{"href":"https:\/\/casidyray.sk\/en\/wp-json\/wp\/v2\/types\/page"}],"author":[{"embeddable":true,"href":"https:\/\/casidyray.sk\/en\/wp-json\/wp\/v2\/users\/1"}],"replies":[{"embeddable":true,"href":"https:\/\/casidyray.sk\/en\/wp-json\/wp\/v2\/comments?post=3987"}],"version-history":[{"count":0,"href":"https:\/\/casidyray.sk\/en\/wp-json\/wp\/v2\/pages\/3987\/revisions"}],"wp:attachment":[{"href":"https:\/\/casidyray.sk\/en\/wp-json\/wp\/v2\/media?parent=3987"}],"curies":[{"name":"wp","href":"https:\/\/api.w.org\/{rel}","templated":true}]}}