{"id":4893,"date":"2023-02-04T07:18:20","date_gmt":"2023-02-04T06:18:20","guid":{"rendered":"https:\/\/casidyray.sk\/news-2022\/"},"modified":"2026-03-19T19:04:59","modified_gmt":"2026-03-19T18:04:59","slug":"news-2022","status":"publish","type":"page","link":"https:\/\/casidyray.sk\/en\/news-2022\/","title":{"rendered":"News 2022"},"content":{"rendered":"\t\t<div data-elementor-type=\"wp-page\" data-elementor-id=\"4893\" class=\"elementor elementor-4893 elementor-4887\" data-elementor-post-type=\"page\">\n\t\t\t\t<div class=\"elementor-element elementor-element-c0ed362 e-flex e-con-boxed e-con e-parent\" data-id=\"c0ed362\" data-element_type=\"container\" data-e-type=\"container\">\n\t\t\t\t\t<div class=\"e-con-inner\">\n\t\t<div class=\"elementor-element elementor-element-1d3145a e-con-full e-flex e-con e-child\" data-id=\"1d3145a\" data-element_type=\"container\" data-e-type=\"container\">\n\t\t\t\t<div class=\"elementor-element elementor-element-722b08d elementor-widget elementor-widget-heading\" data-id=\"722b08d\" data-element_type=\"widget\" data-e-type=\"widget\" data-widget_type=\"heading.default\">\n\t\t\t\t<div class=\"elementor-widget-container\">\n\t\t\t\t\t<h2 class=\"elementor-heading-title elementor-size-default\">News 2022<\/h2>\t\t\t\t<\/div>\n\t\t\t\t<\/div>\n\t\t\t\t<\/div>\n\t\t\t\t\t<\/div>\n\t\t\t\t<\/div>\n\t\t<div class=\"elementor-element elementor-element-586e8e2 e-flex e-con-boxed e-con e-parent\" data-id=\"586e8e2\" data-element_type=\"container\" data-e-type=\"container\">\n\t\t\t\t\t<div class=\"e-con-inner\">\n\t\t\t\t<div class=\"elementor-element elementor-element-cdfe3bc elementor-grid-3 elementor-grid-tablet-2 elementor-grid-mobile-1 elementor-posts--thumbnail-top elementor-card-shadow-yes elementor-posts__hover-gradient elementor-widget elementor-widget-posts\" data-id=\"cdfe3bc\" data-element_type=\"widget\" data-e-type=\"widget\" data-settings=\"{&quot;pagination_type&quot;:&quot;numbers_and_prev_next&quot;,&quot;cards_columns&quot;:&quot;3&quot;,&quot;cards_columns_tablet&quot;:&quot;2&quot;,&quot;cards_columns_mobile&quot;:&quot;1&quot;,&quot;cards_row_gap&quot;:{&quot;unit&quot;:&quot;px&quot;,&quot;size&quot;:35,&quot;sizes&quot;:[]},&quot;cards_row_gap_tablet&quot;:{&quot;unit&quot;:&quot;px&quot;,&quot;size&quot;:&quot;&quot;,&quot;sizes&quot;:[]},&quot;cards_row_gap_mobile&quot;:{&quot;unit&quot;:&quot;px&quot;,&quot;size&quot;:&quot;&quot;,&quot;sizes&quot;:[]}}\" data-widget_type=\"posts.cards\">\n\t\t\t\t<div class=\"elementor-widget-container\">\n\t\t\t\t\t\t\t<div class=\"elementor-posts-container elementor-posts elementor-posts--skin-cards elementor-grid\" role=\"list\">\n\t\t\t\t<article class=\"elementor-post elementor-grid-item post-4799 post type-post status-publish format-standard has-post-thumbnail hentry category-2022-en\" role=\"listitem\">\n\t\t\t<div class=\"elementor-post__card\">\n\t\t\t\t<a class=\"elementor-post__thumbnail__link\" href=\"https:\/\/casidyray.sk\/en\/winter-danube-2022\/\" tabindex=\"-1\" ><div class=\"elementor-post__thumbnail\"><img fetchpriority=\"high\" decoding=\"async\" width=\"800\" height=\"534\" src=\"https:\/\/casidyray.sk\/wp-content\/uploads\/2022\/12\/winter-danube-2022b.jpg\" class=\"attachment-large size-large wp-image-4783\" alt=\"\" srcset=\"https:\/\/casidyray.sk\/wp-content\/uploads\/2022\/12\/winter-danube-2022b.jpg 1024w, https:\/\/casidyray.sk\/wp-content\/uploads\/2022\/12\/winter-danube-2022b-300x200.jpg 300w, https:\/\/casidyray.sk\/wp-content\/uploads\/2022\/12\/winter-danube-2022b-768x512.jpg 768w\" sizes=\"(max-width: 800px) 100vw, 800px\" \/><\/div><\/a>\n\t\t\t\t<div class=\"elementor-post__text\">\n\t\t\t\t<h3 class=\"elementor-post__title\">\n\t\t\t<a href=\"https:\/\/casidyray.sk\/en\/winter-danube-2022\/\" >\n\t\t\t\tWinter Danube 2022\t\t\t<\/a>\n\t\t<\/h3>\n\t\t\t\t<div class=\"elementor-post__excerpt\">\n\t\t\t<p>25. &#8211; 27.11.2022 Last dog show in Slovakia for this year. Winter Danube Bratislava Cheryl Casidy ray was all 3 days in\u00a0 champion class and<\/p>\n\t\t<\/div>\n\t\t\n\t\t<a class=\"elementor-post__read-more\" href=\"https:\/\/casidyray.sk\/en\/winter-danube-2022\/\" aria-label=\"Read more about Winter Danube 2022\" tabindex=\"-1\" >\n\t\t\tMore \u00bb\t\t<\/a>\n\n\t\t\t\t<\/div>\n\t\t\t\t\t<\/div>\n\t\t<\/article>\n\t\t\t\t<article class=\"elementor-post elementor-grid-item post-4754 post type-post status-publish format-standard has-post-thumbnail hentry category-2022-en\" role=\"listitem\">\n\t\t\t<div class=\"elementor-post__card\">\n\t\t\t\t<a class=\"elementor-post__thumbnail__link\" href=\"https:\/\/casidyray.sk\/en\/club-show-komarom\/\" tabindex=\"-1\" ><div class=\"elementor-post__thumbnail\"><img decoding=\"async\" width=\"800\" height=\"498\" src=\"https:\/\/casidyray.sk\/wp-content\/uploads\/2022\/10\/KV-Komarom-2022b.jpg\" class=\"attachment-large size-large wp-image-4739\" alt=\"Cheryl Casidy ray\" srcset=\"https:\/\/casidyray.sk\/wp-content\/uploads\/2022\/10\/KV-Komarom-2022b.jpg 1024w, https:\/\/casidyray.sk\/wp-content\/uploads\/2022\/10\/KV-Komarom-2022b-300x187.jpg 300w, https:\/\/casidyray.sk\/wp-content\/uploads\/2022\/10\/KV-Komarom-2022b-768x479.jpg 768w\" sizes=\"(max-width: 800px) 100vw, 800px\" \/><\/div><\/a>\n\t\t\t\t<div class=\"elementor-post__text\">\n\t\t\t\t<h3 class=\"elementor-post__title\">\n\t\t\t<a href=\"https:\/\/casidyray.sk\/en\/club-show-komarom\/\" >\n\t\t\t\tClub Show Komarom\t\t\t<\/a>\n\t\t<\/h3>\n\t\t\t\t<div class=\"elementor-post__excerpt\">\n\t\t\t<p>22.10.2022 After few months break I took Cheryl again at the dog show. We went to Hungaria Sighthound club show. Judge was Mr. Petru Muntean<\/p>\n\t\t<\/div>\n\t\t\n\t\t<a class=\"elementor-post__read-more\" href=\"https:\/\/casidyray.sk\/en\/club-show-komarom\/\" aria-label=\"Read more about Club Show Komarom\" tabindex=\"-1\" >\n\t\t\tMore \u00bb\t\t<\/a>\n\n\t\t\t\t<\/div>\n\t\t\t\t\t<\/div>\n\t\t<\/article>\n\t\t\t\t<article class=\"elementor-post elementor-grid-item post-4731 post type-post status-publish format-standard has-post-thumbnail hentry category-2022-en category-news\" role=\"listitem\">\n\t\t\t<div class=\"elementor-post__card\">\n\t\t\t\t<a class=\"elementor-post__thumbnail__link\" href=\"https:\/\/casidyray.sk\/en\/traditional-sunset-folklor-show\/\" tabindex=\"-1\" ><div class=\"elementor-post__thumbnail\"><img decoding=\"async\" width=\"800\" height=\"534\" src=\"https:\/\/casidyray.sk\/wp-content\/uploads\/2022\/09\/Chantal-Casidy-ray-SEP2022.jpg\" class=\"attachment-large size-large wp-image-4711\" alt=\"Chantal Casidy ray\" srcset=\"https:\/\/casidyray.sk\/wp-content\/uploads\/2022\/09\/Chantal-Casidy-ray-SEP2022.jpg 1024w, https:\/\/casidyray.sk\/wp-content\/uploads\/2022\/09\/Chantal-Casidy-ray-SEP2022-300x200.jpg 300w, https:\/\/casidyray.sk\/wp-content\/uploads\/2022\/09\/Chantal-Casidy-ray-SEP2022-768x512.jpg 768w\" sizes=\"(max-width: 800px) 100vw, 800px\" \/><\/div><\/a>\n\t\t\t\t<div class=\"elementor-post__text\">\n\t\t\t\t<h3 class=\"elementor-post__title\">\n\t\t\t<a href=\"https:\/\/casidyray.sk\/en\/traditional-sunset-folklor-show\/\" >\n\t\t\t\tTraditional Sunset Folklor show\t\t\t<\/a>\n\t\t<\/h3>\n\t\t\t\t<div class=\"elementor-post__excerpt\">\n\t\t\t<p>10. &#8211; 11 .9.2022 in Hungaria was traditional Sunset Folklor show 2 x CAC of Hungarian sighthound club in Gardony Betina and Viktor \u00c1cs was<\/p>\n\t\t<\/div>\n\t\t\n\t\t<a class=\"elementor-post__read-more\" href=\"https:\/\/casidyray.sk\/en\/traditional-sunset-folklor-show\/\" aria-label=\"Read more about Traditional Sunset Folklor show\" tabindex=\"-1\" >\n\t\t\tMore \u00bb\t\t<\/a>\n\n\t\t\t\t<\/div>\n\t\t\t\t\t<\/div>\n\t\t<\/article>\n\t\t\t\t<article class=\"elementor-post elementor-grid-item post-4650 post type-post status-publish format-standard has-post-thumbnail hentry category-2022-en\" role=\"listitem\">\n\t\t\t<div class=\"elementor-post__card\">\n\t\t\t\t<a class=\"elementor-post__thumbnail__link\" href=\"https:\/\/casidyray.sk\/en\/fiwc-congres-2022\/\" tabindex=\"-1\" ><div class=\"elementor-post__thumbnail\"><img loading=\"lazy\" decoding=\"async\" width=\"800\" height=\"533\" src=\"https:\/\/casidyray.sk\/wp-content\/uploads\/2022\/07\/Cheryl-Casidy-ray-JUL2022.jpg\" class=\"attachment-large size-large wp-image-4632\" alt=\"Cheryl Casidy ray FIWC 2022 - Svetov\u00fd kongres vlkodavov\" srcset=\"https:\/\/casidyray.sk\/wp-content\/uploads\/2022\/07\/Cheryl-Casidy-ray-JUL2022.jpg 1024w, https:\/\/casidyray.sk\/wp-content\/uploads\/2022\/07\/Cheryl-Casidy-ray-JUL2022-300x200.jpg 300w, https:\/\/casidyray.sk\/wp-content\/uploads\/2022\/07\/Cheryl-Casidy-ray-JUL2022-768x512.jpg 768w\" sizes=\"(max-width: 800px) 100vw, 800px\" \/><\/div><\/a>\n\t\t\t\t<div class=\"elementor-post__text\">\n\t\t\t\t<h3 class=\"elementor-post__title\">\n\t\t\t<a href=\"https:\/\/casidyray.sk\/en\/fiwc-congres-2022\/\" >\n\t\t\t\tFIWC congres 2022\t\t\t<\/a>\n\t\t<\/h3>\n\t\t\t\t<div class=\"elementor-post__excerpt\">\n\t\t\t<p>7.- 10.7 2022. In great place of Golf resort Konopiste near Prague\u00a0 met again breeders and owner of our wonderful breed from all ower the<\/p>\n\t\t<\/div>\n\t\t\n\t\t<a class=\"elementor-post__read-more\" href=\"https:\/\/casidyray.sk\/en\/fiwc-congres-2022\/\" aria-label=\"Read more about FIWC congres 2022\" tabindex=\"-1\" >\n\t\t\tMore \u00bb\t\t<\/a>\n\n\t\t\t\t<\/div>\n\t\t\t\t\t<\/div>\n\t\t<\/article>\n\t\t\t\t<article class=\"elementor-post elementor-grid-item post-4596 post type-post status-publish format-standard has-post-thumbnail hentry category-2022-en\" role=\"listitem\">\n\t\t\t<div class=\"elementor-post__card\">\n\t\t\t\t<a class=\"elementor-post__thumbnail__link\" href=\"https:\/\/casidyray.sk\/en\/2x-ids-herende\/\" tabindex=\"-1\" ><div class=\"elementor-post__thumbnail\"><img loading=\"lazy\" decoding=\"async\" width=\"800\" height=\"534\" src=\"https:\/\/casidyray.sk\/wp-content\/uploads\/2022\/06\/Cheryl-casidy-ray-jun2022b.jpg\" class=\"attachment-large size-large wp-image-4582\" alt=\"Cheryl casidy ray 2022\" srcset=\"https:\/\/casidyray.sk\/wp-content\/uploads\/2022\/06\/Cheryl-casidy-ray-jun2022b.jpg 1024w, https:\/\/casidyray.sk\/wp-content\/uploads\/2022\/06\/Cheryl-casidy-ray-jun2022b-300x200.jpg 300w, https:\/\/casidyray.sk\/wp-content\/uploads\/2022\/06\/Cheryl-casidy-ray-jun2022b-768x512.jpg 768w\" sizes=\"(max-width: 800px) 100vw, 800px\" \/><\/div><\/a>\n\t\t\t\t<div class=\"elementor-post__text\">\n\t\t\t\t<h3 class=\"elementor-post__title\">\n\t\t\t<a href=\"https:\/\/casidyray.sk\/en\/2x-ids-herende\/\" >\n\t\t\t\t2x IDS Herend\t\t\t<\/a>\n\t\t<\/h3>\n\t\t\t\t<div class=\"elementor-post__excerpt\">\n\t\t\t<p>Successful weekend is behind us 4.-5.6 2022 2x CACIB in Herend\/HU. In Saturday Cheryl got Exc.1 , CAC, CACIB, BOB and BIG 1 and with<\/p>\n\t\t<\/div>\n\t\t\n\t\t<a class=\"elementor-post__read-more\" href=\"https:\/\/casidyray.sk\/en\/2x-ids-herende\/\" aria-label=\"Read more about 2x IDS Herend\" tabindex=\"-1\" >\n\t\t\tMore \u00bb\t\t<\/a>\n\n\t\t\t\t<\/div>\n\t\t\t\t\t<\/div>\n\t\t<\/article>\n\t\t\t\t<article class=\"elementor-post elementor-grid-item post-4578 post type-post status-publish format-standard has-post-thumbnail hentry category-2022-en\" role=\"listitem\">\n\t\t\t<div class=\"elementor-post__card\">\n\t\t\t\t<a class=\"elementor-post__thumbnail__link\" href=\"https:\/\/casidyray.sk\/en\/four-days-ids-nitra\/\" tabindex=\"-1\" ><div class=\"elementor-post__thumbnail\"><img loading=\"lazy\" decoding=\"async\" width=\"800\" height=\"534\" src=\"https:\/\/casidyray.sk\/wp-content\/uploads\/2022\/05\/CHERYL-Casidy-ray-maj2022a.jpg\" class=\"attachment-large size-large wp-image-4557\" alt=\"\" srcset=\"https:\/\/casidyray.sk\/wp-content\/uploads\/2022\/05\/CHERYL-Casidy-ray-maj2022a.jpg 1024w, https:\/\/casidyray.sk\/wp-content\/uploads\/2022\/05\/CHERYL-Casidy-ray-maj2022a-300x200.jpg 300w, https:\/\/casidyray.sk\/wp-content\/uploads\/2022\/05\/CHERYL-Casidy-ray-maj2022a-768x512.jpg 768w\" sizes=\"(max-width: 800px) 100vw, 800px\" \/><\/div><\/a>\n\t\t\t\t<div class=\"elementor-post__text\">\n\t\t\t\t<h3 class=\"elementor-post__title\">\n\t\t\t<a href=\"https:\/\/casidyray.sk\/en\/four-days-ids-nitra\/\" >\n\t\t\t\tFour days IDS Nitra\t\t\t<\/a>\n\t\t<\/h3>\n\t\t\t\t<div class=\"elementor-post__excerpt\">\n\t\t\t<p>5.-7.5.2022in Nitra was our days international dog show. We went there with Cheryl only one day. Cheryl Casidy ray got in champion class: Excelent 1,<\/p>\n\t\t<\/div>\n\t\t\n\t\t<a class=\"elementor-post__read-more\" href=\"https:\/\/casidyray.sk\/en\/four-days-ids-nitra\/\" aria-label=\"Read more about Four days IDS Nitra\" tabindex=\"-1\" >\n\t\t\tMore \u00bb\t\t<\/a>\n\n\t\t\t\t<\/div>\n\t\t\t\t\t<\/div>\n\t\t<\/article>\n\t\t\t\t<article class=\"elementor-post elementor-grid-item post-4406 post type-post status-publish format-standard has-post-thumbnail hentry category-2022-en\" role=\"listitem\">\n\t\t\t<div class=\"elementor-post__card\">\n\t\t\t\t<a class=\"elementor-post__thumbnail__link\" href=\"https:\/\/casidyray.sk\/en\/spring-duo-nitra\/\" tabindex=\"-1\" ><div class=\"elementor-post__thumbnail\"><img loading=\"lazy\" decoding=\"async\" width=\"800\" height=\"566\" src=\"https:\/\/casidyray.sk\/wp-content\/uploads\/2022\/04\/Isabeau1.jpg\" class=\"attachment-large size-large wp-image-4435\" alt=\"Isabeau Casidy ray\" srcset=\"https:\/\/casidyray.sk\/wp-content\/uploads\/2022\/04\/Isabeau1.jpg 1024w, https:\/\/casidyray.sk\/wp-content\/uploads\/2022\/04\/Isabeau1-300x212.jpg 300w, https:\/\/casidyray.sk\/wp-content\/uploads\/2022\/04\/Isabeau1-768x543.jpg 768w\" sizes=\"(max-width: 800px) 100vw, 800px\" \/><\/div><\/a>\n\t\t\t\t<div class=\"elementor-post__text\">\n\t\t\t\t<h3 class=\"elementor-post__title\">\n\t\t\t<a href=\"https:\/\/casidyray.sk\/en\/spring-duo-nitra\/\" >\n\t\t\t\tSpring duo Nitra\t\t\t<\/a>\n\t\t<\/h3>\n\t\t\t\t<div class=\"elementor-post__excerpt\">\n\t\t\t<p>2.-3.4.2022 We enjoyed with our Casidy ray family 2 days in Spring Duo CACIB Nitra and took great results with all our members. Saturday, judge:Ludmila<\/p>\n\t\t<\/div>\n\t\t\n\t\t<a class=\"elementor-post__read-more\" href=\"https:\/\/casidyray.sk\/en\/spring-duo-nitra\/\" aria-label=\"Read more about Spring duo Nitra\" tabindex=\"-1\" >\n\t\t\tMore \u00bb\t\t<\/a>\n\n\t\t\t\t<\/div>\n\t\t\t\t\t<\/div>\n\t\t<\/article>\n\t\t\t\t<article class=\"elementor-post elementor-grid-item post-4396 post type-post status-publish format-standard has-post-thumbnail hentry category-2022-en category-news\" role=\"listitem\">\n\t\t\t<div class=\"elementor-post__card\">\n\t\t\t\t<a class=\"elementor-post__thumbnail__link\" href=\"https:\/\/casidyray.sk\/en\/top-dog-2021\/\" tabindex=\"-1\" ><div class=\"elementor-post__thumbnail\"><img loading=\"lazy\" decoding=\"async\" width=\"724\" height=\"1024\" src=\"https:\/\/casidyray.sk\/wp-content\/uploads\/2022\/04\/Cheryl-Casidy-ray-1miesto-v-plemene-724x1024.jpg\" class=\"attachment-large size-large wp-image-4385\" alt=\"Cheryl Casidy ray\" srcset=\"https:\/\/casidyray.sk\/wp-content\/uploads\/2022\/04\/Cheryl-Casidy-ray-1miesto-v-plemene-724x1024.jpg 724w, https:\/\/casidyray.sk\/wp-content\/uploads\/2022\/04\/Cheryl-Casidy-ray-1miesto-v-plemene-212x300.jpg 212w, https:\/\/casidyray.sk\/wp-content\/uploads\/2022\/04\/Cheryl-Casidy-ray-1miesto-v-plemene-768x1086.jpg 768w, https:\/\/casidyray.sk\/wp-content\/uploads\/2022\/04\/Cheryl-Casidy-ray-1miesto-v-plemene.jpg 960w\" sizes=\"(max-width: 724px) 100vw, 724px\" \/><\/div><\/a>\n\t\t\t\t<div class=\"elementor-post__text\">\n\t\t\t\t<h3 class=\"elementor-post__title\">\n\t\t\t<a href=\"https:\/\/casidyray.sk\/en\/top-dog-2021\/\" >\n\t\t\t\tTOP DOG 2021\t\t\t<\/a>\n\t\t<\/h3>\n\t\t\t\t<div class=\"elementor-post__excerpt\">\n\t\t\t<p>In Nitra\u00a0 took place an official evaluation o the TOP DOG 2021 competition.\u00a0 At the ceremony were presented awards or irst 3 places in each<\/p>\n\t\t<\/div>\n\t\t\n\t\t<a class=\"elementor-post__read-more\" href=\"https:\/\/casidyray.sk\/en\/top-dog-2021\/\" aria-label=\"Read more about TOP DOG 2021\" tabindex=\"-1\" >\n\t\t\tMore \u00bb\t\t<\/a>\n\n\t\t\t\t<\/div>\n\t\t\t\t\t<\/div>\n\t\t<\/article>\n\t\t\t\t<article class=\"elementor-post elementor-grid-item post-4300 post type-post status-publish format-standard has-post-thumbnail hentry category-2022-en category-news\" role=\"listitem\">\n\t\t\t<div class=\"elementor-post__card\">\n\t\t\t\t<a class=\"elementor-post__thumbnail__link\" href=\"https:\/\/casidyray.sk\/en\/specialty-show-kchch\/\" tabindex=\"-1\" ><div class=\"elementor-post__thumbnail\"><img loading=\"lazy\" decoding=\"async\" width=\"800\" height=\"534\" src=\"https:\/\/casidyray.sk\/wp-content\/uploads\/2022\/02\/Najkrajsia-chovatelska-skupina.jpg\" class=\"attachment-large size-large wp-image-4253\" alt=\"Najkraj\u0161ia chovate\u013esk\u00e1 skupina\" srcset=\"https:\/\/casidyray.sk\/wp-content\/uploads\/2022\/02\/Najkrajsia-chovatelska-skupina.jpg 1024w, https:\/\/casidyray.sk\/wp-content\/uploads\/2022\/02\/Najkrajsia-chovatelska-skupina-300x200.jpg 300w, https:\/\/casidyray.sk\/wp-content\/uploads\/2022\/02\/Najkrajsia-chovatelska-skupina-768x512.jpg 768w\" sizes=\"(max-width: 800px) 100vw, 800px\" \/><\/div><\/a>\n\t\t\t\t<div class=\"elementor-post__text\">\n\t\t\t\t<h3 class=\"elementor-post__title\">\n\t\t\t<a href=\"https:\/\/casidyray.sk\/en\/specialty-show-kchch\/\" >\n\t\t\t\tSpecialty Show KCHCH\t\t\t<\/a>\n\t\t<\/h3>\n\t\t\t\t<div class=\"elementor-post__excerpt\">\n\t\t\t<p>26.2.2022 start this year show season with\u00a0Sighthound Specialty show Pezinok.We spent really great time with friends at this wonderful event. 6 members of Casidy ray<\/p>\n\t\t<\/div>\n\t\t\n\t\t<a class=\"elementor-post__read-more\" href=\"https:\/\/casidyray.sk\/en\/specialty-show-kchch\/\" aria-label=\"Read more about Specialty Show KCHCH\" tabindex=\"-1\" >\n\t\t\tMore \u00bb\t\t<\/a>\n\n\t\t\t\t<\/div>\n\t\t\t\t\t<\/div>\n\t\t<\/article>\n\t\t\t\t<\/div>\n\t\t\n\t\t\t\t\t\t<\/div>\n\t\t\t\t<\/div>\n\t\t\t\t\t<\/div>\n\t\t\t\t<\/div>\n\t\t<nav class=\"elementor-element elementor-element-a6e92db e-flex e-con-boxed e-con e-parent\" data-id=\"a6e92db\" data-element_type=\"container\" data-e-type=\"container\">\n\t\t\t\t\t<div class=\"e-con-inner\">\n\t\t<div class=\"elementor-element elementor-element-ec2d6af e-con-full e-flex e-con e-child\" data-id=\"ec2d6af\" data-element_type=\"container\" data-e-type=\"container\">\n\t\t\t\t<div class=\"elementor-element elementor-element-24942dd elementor-widget elementor-widget-text-editor\" data-id=\"24942dd\" data-element_type=\"widget\" data-e-type=\"widget\" data-widget_type=\"text-editor.default\">\n\t\t\t\t<div class=\"elementor-widget-container\">\n\t\t\t\t\t\t\t\t\t<p style=\"text-align: center;\"><a href=\"https:\/\/casidyray.sk\/en\/\">2021<\/a> \u00a0| \u00a0<a href=\"https:\/\/casidyray.sk\/en\/news-2020\/\">2020<\/a> \u00a0| \u00a0<a href=\"https:\/\/casidyray.sk\/en\/news-2019\/\">2019<\/a><\/p>\t\t\t\t\t\t\t\t<\/div>\n\t\t\t\t<\/div>\n\t\t\t\t<\/div>\n\t\t\t\t\t<\/div>\n\t\t\t\t<\/nav>\n\t\t\t\t<\/div>\n\t\t","protected":false},"excerpt":{"rendered":"<p>News 2022 2021 \u00a0| \u00a02020 \u00a0| \u00a02019<\/p>\n","protected":false},"author":1,"featured_media":0,"parent":0,"menu_order":0,"comment_status":"closed","ping_status":"closed","template":"","meta":{"footnotes":""},"class_list":["post-4893","page","type-page","status-publish","hentry"],"_links":{"self":[{"href":"https:\/\/casidyray.sk\/en\/wp-json\/wp\/v2\/pages\/4893","targetHints":{"allow":["GET"]}}],"collection":[{"href":"https:\/\/casidyray.sk\/en\/wp-json\/wp\/v2\/pages"}],"about":[{"href":"https:\/\/casidyray.sk\/en\/wp-json\/wp\/v2\/types\/page"}],"author":[{"embeddable":true,"href":"https:\/\/casidyray.sk\/en\/wp-json\/wp\/v2\/users\/1"}],"replies":[{"embeddable":true,"href":"https:\/\/casidyray.sk\/en\/wp-json\/wp\/v2\/comments?post=4893"}],"version-history":[{"count":0,"href":"https:\/\/casidyray.sk\/en\/wp-json\/wp\/v2\/pages\/4893\/revisions"}],"wp:attachment":[{"href":"https:\/\/casidyray.sk\/en\/wp-json\/wp\/v2\/media?parent=4893"}],"curies":[{"name":"wp","href":"https:\/\/api.w.org\/{rel}","templated":true}]}}